{"id":926,"date":"2026-03-23T09:02:37","date_gmt":"2026-03-23T08:02:37","guid":{"rendered":"https:\/\/www.events.bculinary.com\/?page_id=926"},"modified":"2026-03-23T09:02:37","modified_gmt":"2026-03-23T08:02:37","slug":"cookies-policy","status":"publish","type":"page","link":"https:\/\/www.events.bculinary.com\/en\/cookies-policy\/","title":{"rendered":"Cookies policy"},"content":{"rendered":"<p><?php get_header();?><\/p>\n<div class=\"gorputza aktibo\" style=\"background:white\" data-barba=\"container\" data-barba-namespace=\"orrialdea\">\n<?php\n$site_url = site_url();\n$url = preg_replace(\"(^https?:\/\/www.)\", \"\", $site_url );\n\n$razonsocial = get_option('razonsocial');\n$nombrecomercial = get_option('nombrecomercial');\n$nif = get_option('nif');\n$email = get_option('email');\n$direccion = get_option('direccion');\n$actividadsocial = get_option('actividadsocial');\n$descripcion = get_option('descripcion');\n$fechadehoy = get_option('fechadehoy');\n$denda = get_option('onlinedenda');\n$facebook = get_option('facebook');\n$googleads = get_option('googleads');\n$newsletter_mailchimp = get_option('newsletter_mailchimp');\n$newsletter = get_option('newsletter');\n$facebook_pxl = get_option('facebook_pxl');\n\n?><\/p>\n<div class=\"legal-container-sarrera\">\n<div class=\"legal-50\">\n<h1 class=\"legal-h1\">Pol\u00edtica de cookies<\/h1>\n<\/p><\/div>\n<div class=\"legal-50\">\n<p class=\"legal-p\">En esta web recopilamos y utilizamos la informaci\u00f3n seg\u00fan indicamos en nuestra pol\u00edtica de privacidad. Una de las formas en las que recopilamos informaci\u00f3n es a trav\u00e9s del uso de la tecnolog\u00eda llamada \u201ccookies\u201d. En <?php echo $url; ?>, utilizamos cookies para varias cosas.<\/p>\n<\/div>\n<\/div>\n<div class=\"legal-container\">\n<div class=\"legal-30\">\n<p class=\"legal-titulua\">\u00bfQu\u00e9 es una cookie?<\/p>\n<\/div>\n<div class=\"legal-50\">\n<p class=\"legal-p\">Una \u201ccookie\u201d es una peque\u00f1a cantidad de texto que se almacena en tu navegador (p.ej. Chrome de Google o Safari de Apple) cuando navegas por la mayor\u00eda de los sitios web.<\/p>\n<\/p><\/div>\n<\/div>\n<div class=\"legal-container\">\n<div class=\"legal-30\">\n<p class=\"legal-titulua\">Aceptaci\u00f3n de cookies<\/p>\n<\/div>\n<div class=\"legal-50\">\n<p class=\"legal-p\">Al acceder a este sitio web o aplicaci\u00f3n por primera vez, aparecer\u00e1 una advertencia (banner) donde se le informa de la utilizaci\u00f3n de las cookies y donde se puede consultar esta pol\u00edtica de cookies. <\/p>\n<p>No se descargar\u00e1 ninguna cookie hasta que el usuario no consienta expresamente la instalaci\u00f3n de las cookies. Si el usuario consiente la utilizaci\u00f3n de cookies, se realizar\u00e1 la instalaci\u00f3n de las mismas en su equipo o dispositivo.<\/p>\n<p>Adem\u00e1s del uso de nuestras cookies propias, permitimos a terceros establecer cookies y acceder a ellas en su dispositivo.<\/p>\n<\/p><\/div>\n<\/div>\n<div class=\"legal-container\">\n<div class=\"legal-30\">\n<p class=\"legal-titulua\">\u00bfQu\u00e9 informaci\u00f3n almacena una cookie?<\/p>\n<\/div>\n<div class=\"legal-50\">\n<p class=\"legal-p\">Las cookies no suelen almacenar informaci\u00f3n sensible sobre usted, como tarjetas de cr\u00e9dito o datos bancarios, fotograf\u00edas o informaci\u00f3n personal, etc. Los datos que guardan son de car\u00e1cter t\u00e9cnico, estad\u00edsticos, preferencias personales, personalizaci\u00f3n de contenidos, etc.<\/p>\n<\/p><\/div>\n<\/div>\n<div class=\"legal-container\">\n<div class=\"legal-30\">\n<p class=\"legal-titulua\">\u00bfQu\u00e9 tipo de cookies existen?<\/p>\n<\/div>\n<div class=\"legal-50\">\n<ul class=\"legal-ul\">\n<li class=\"legal-li\"><b>Cookies t\u00e9cnicas<\/b>: Son las m\u00e1s elementales y permiten, entre otras cosas, saber cu\u00e1ndo est\u00e1 navegando un humano o una aplicaci\u00f3n automatizada, cu\u00e1ndo navega un usuario an\u00f3nimo y uno registrado, tareas b\u00e1sicas para el funcionamiento de cualquier web din\u00e1mica.<\/li>\n<li class=\"legal-li\"><b>Cookies de an\u00e1lisis<\/b>: Recogen informaci\u00f3n sobre el tipo de navegaci\u00f3n que est\u00e1 realizando, las secciones que m\u00e1s utiliza, productos consultados, franja horaria de uso, idioma, etc.<\/li>\n<li class=\"legal-li\"><b>Cookies publicitarias<\/b>: Muestran publicidad en funci\u00f3n de su navegaci\u00f3n, su pa\u00eds de procedencia, idioma, etc.<\/li>\n<\/ul><\/div>\n<\/div>\n<div class=\"legal-container\">\n<div class=\"legal-30\">\n<p class=\"legal-titulua\">Cookies aceptadas por la normativa y cookies exceptuadas<\/p>\n<\/div>\n<div class=\"legal-50\">\n<p class=\"legal-p\">Seg\u00fan la directiva de la UE, las cookies que requieren el consentimiento informado por parte del usuario son las cookies de anal\u00edtica, y las de publicidad y afiliaci\u00f3n, quedando exceptuadas las de car\u00e1cter t\u00e9cnico y las necesarias para el funcionamiento del sitio web o la prestaci\u00f3n de servicios expresamente solicitados por el usuario.<\/p>\n<\/p><\/div>\n<\/div>\n<div class=\"legal-container\">\n<div class=\"legal-30\">\n<p class=\"legal-titulua\">\u00bfQu\u00e9 cookies utiliza esta web?<\/p>\n<\/div>\n<div class=\"legal-50\">\n<ul class=\"legal-ul\">\n<li class=\"legal-li\"><b>Preferencias<\/b>: Las cookies nos permiten recordar tus ajustes y preferencias, como el idioma preferido y tu configuraci\u00f3n de privacidad.<\/li>\n<li class=\"legal-li\"><b>Seguridad<\/b>: Utilizamos cookies para evitarte riesgos de seguridad.<\/li>\n<li class=\"legal-li\"><b>Personalizaci\u00f3n<\/b>: Las cookies nos ayudan a recordar con qu\u00e9 personas o sitios web has interactuado, para que podamos mostrarte contenido relacionado.<\/li>\n<p>\t\t\t<?php if ($denda=='bai'){ ?><\/p>\n<li class=\"legal-li\"><b>Inicio de sesi\u00f3n<\/b>: Las cookies para iniciar sesi\u00f3n te permiten entrar y salir de tu cuenta de<?php echo $url; ?><\/li>\n<p><?php } ?>\n\t\t<\/ul>\n<\/p><\/div>\n<\/div>\n<div class=\"legal-container\">\n<div class=\"legal-30\">\n<p class=\"legal-titulua\">Cookies de terceros<\/p>\n<\/div>\n<div class=\"legal-50\">\n<ul class=\"legal-ul\">\n<li class=\"legal-li\">Cookies anal\u00edticas<\/li>\n<\/ul>\n<p class=\"legal-p\">Esta web utiliza servicios de an\u00e1lisis, concretamente, Google Analytics para ayudar al website a analizar el uso que hacen los usuarios del sitio web y mejorar la usabilidad del mismo, pero en ning\u00fan caso se asocian a datos que pudieran llegar a identificar al usuario. Google Analytics es un servicio anal\u00edtico de web prestado por Google Inc. El usuario puede consultar <a href=\"https:\/\/policies.google.com\/technologies\/cookies?hl=es&#038;gl=es#types-of-cookies\" target=\"_blank\">aqu\u00ed<\/a> el tipo de cookies utilizadas por Google.<\/p>\n<ul class=\"legal-ul\">\n<li class=\"legal-li\">Cookies publicitarias<\/li>\n<\/ul>\n<p class=\"legal-p\">Nos permiten analizar sus h\u00e1bitos de navegaci\u00f3n en Internet para que podamos mostrarle publicidad relacionada con su perfil de navegaci\u00f3n.<\/p>\n<p>\t\t<?php if ($facebook=='bai'){ ?><\/p>\n<p class=\"legal-titulotxoa\">Facebook Ads<\/p>\n<p class=\"legal-p\">Seguimiento de conversiones de Facebook Ads (p\u00edxel de Facebook) (Facebook, Inc.)<\/p>\n<p class=\"legal-p\">El Seguimiento de conversiones de Facebook Ads (p\u00edxel de Facebook) es un servicio de estad\u00edsticas prestado por Facebook, Inc. que conecta los datos de la red de publicidad de Facebook con las acciones realizadas en esta Aplicaci\u00f3n. El p\u00edxel de Facebook realiza un seguimiento de las conversiones que se pueden atribuir a los anuncios de Facebook, Instagram y Audience Network.<\/p>\n<p class=\"legal-p\">Datos Personales recogidos: Cookie y Datos de uso.<\/p>\n<p class=\"legal-p\">Facebook Remarketing (Facebook, Inc.)<\/p>\n<p class=\"legal-p\">En esta Web es posible que usemos los plugins sociales de Facebook, pudiendo en este caso que su navegador pueda crear una conexi\u00f3n directa con los servidores de Facebook y transmitir los datos (identificador del navegador del usuario) sobre su comportamiento mediante la colocaci\u00f3n de cookies a los servidores de Facebook.<\/p>\n<p class=\"legal-p\">Facebook Remarketing es un servicio de remarketing y behavioral targeting prestado por Facebook, Inc. que conecta la actividad de esta Aplicaci\u00f3n con la red de publicidad de Facebook.<\/p>\n<p class=\"legal-p\">Para m\u00e1s informaci\u00f3n y forma de desactivarlas acudir a los siguientes enlaces: https:\/\/www.facebook.com\/help\/cookies ; https:\/\/www.facebook.com\/about\/privacy\/cookies.<\/p>\n<p class=\"legal-p\">Finalidad espec\u00edfica: Utilizada por Facebook para proporcionar una serie de productos publicitarios como pujas en tiempo real de terceros anunciantes.<\/p>\n<p class=\"legal-p\">Duraci\u00f3n: 1-3 meses<\/p>\n<p class=\"legal-p\">Gesti\u00f3n: De terceros &#8211; www.facebook.com<\/p>\n<p>\t<?php } ?><\/p>\n<p>\t\t<?php if ($googleads=='bai'){ ?><\/p>\n<p class=\"legal-titulotxoa\">Google Ads<\/p>\n<p class=\"legal-p\">Google utiliza cookies, como NID u OGP, para poder personalizar los anuncios que se muestran en los servicios de Google. Google utiliza esas cookies, por ejemplo, para recordarle sus b\u00fasquedas m\u00e1s recientes, sus interacciones anteriores con los resultados de b\u00fasqueda o con la publicidad de un anunciante y sus visitas al sitio web de un anunciante. De ese modo, Google puede mostrarle anuncios personalizados. Estas cookies son enteramente gestionadas por Google. La informaci\u00f3n sobre su uso en nuestro sitio web, incluyendo su direcci\u00f3n IP, puede ser transmitida a Google y almacenada en sus servidores, si bien, ello no te identifica personalmente a menos que hayas iniciado sesi\u00f3n en Google, en cuyo caso est\u00e1 vinculado a tu cuenta de Google.<\/p>\n<p class=\"legal-p\">Seguimiento de conversiones de Google Ads (Google LLC)<\/p>\n<p class=\"legal-p\">El Seguimiento de conversiones de Google Ads es un servicio de estad\u00edsticas prestado por Google LLC que conecta los datos de la red de publicidad de Google Ads con las acciones realizadas en esta Aplicaci\u00f3n.<\/p>\n<p class=\"legal-p\">Datos Personales recogidos: Cookie y Datos de uso.<\/p>\n<p class=\"legal-p\">Remarketing Google Ads: <\/p>\n<p class=\"legal-p\">Utilizamos remarketing de Google Ads que utiliza las cookies para a ofrecer anuncios en l\u00ednea espec\u00edficos basados en visitas anteriores a nuestro sitio web. Google utiliza esta informaci\u00f3n para mostrar anuncios en varios sitios web de terceros a trav\u00e9s de Internet. Estas cookies est\u00e1n a punto de expirar y no contienen informaci\u00f3n que pueda identificarle personalmente. Por favor dir\u00edgete a la publicidad de Google Aviso de privacidad para obtener m\u00e1s informaci\u00f3n.<\/p>\n<p class=\"legal-p\">Google DoubleClick (Conversi\u00f3n)<\/p>\n<p class=\"legal-p\">Ayuda a los anunciantes a determinar cu\u00e1ntas veces las personas que hacen clic en sus anuncios terminan comprando sus productos o realizando una acci\u00f3n en particular (por ejemplo, enviar un formulario, ver un video, descargar un PDF, etc.). Estas cookies permiten que Google y el anunciante determinen que usted hizo clic en el anuncio y luego visit\u00f3 el sitio del anunciante. Google no utiliza las cookies de conversi\u00f3n para la segmentaci\u00f3n de anuncios personalizada y persisten solo durante un tiempo limitado.<\/p>\n<p class=\"legal-p\">Duraci\u00f3n: 30 d\u00edas<\/p>\n<p><?php } ?><\/p><\/div>\n<\/div>\n<div class=\"legal-container\">\n<div class=\"legal-30\">\n<p class=\"legal-titulua\">\u00bfSe pueden eliminar las cookies?<\/p>\n<\/div>\n<div class=\"legal-50\">\n<p class=\"legal-p\">S\u00ed, y no s\u00f3lo eliminar, tambi\u00e9n bloquear, de forma general o particular para un dominio espec\u00edfico.<\/p>\n<p>Para eliminar las cookies de un sitio web debe ir a la configuraci\u00f3n de su navegador y all\u00ed podr\u00e1 buscar las asociadas al dominio en cuesti\u00f3n y proceder a su eliminaci\u00f3n.\n<\/p>\n<ul class=\"legal-ul\">\n<li class=\"legal-li\">Configuraci\u00f3n de cookies para <a href=\"https:\/\/support.google.com\/chrome\/answer\/95647?hl=es\" target=\"_blank\">Google Chrome-rako<\/a><\/li>\n<li class=\"legal-li\">Configuraci\u00f3n de cookies para <a href=\"https:\/\/support.apple.com\/es-es\/105082\" target=\"_blank\">Apple Safari-rako<\/a><\/li>\n<li class=\"legal-li\">Configuraci\u00f3n de cookies para <a href=\"https:\/\/support.microsoft.com\/en-us\/windows\/delete-and-manage-cookies-168dab11-0753-043d-7c16-ede5947fc64d#ie=ie-10\" target=\"_blank\">Internet Explorer-rako<\/a><\/li>\n<li class=\"legal-li\">Configuraci\u00f3n de cookies para <a href=\"https:\/\/support.mozilla.org\/es\/kb\/habilitar-y-deshabilitar-cookies-sitios-web-rastrear-preferencias?redirectlocale=es&#038;redirectslug=habilitar-y-deshabilitar-cookies-que-los-sitios-we\" target=\"_blank\">Mozilla Firefox-rako<\/a><\/li>\n<\/ul><\/div>\n<\/div>\n<div class=\"legal-container\">\n<div class=\"legal-30\">\n<p class=\"legal-titulua\">M\u00e1s informaci\u00f3n sobre las cookies<\/p>\n<\/div>\n<div class=\"legal-50\">\n<p>\t\tPuedes consultar el reglamento sobre cookies publicado por la Agencia Espa\u00f1ola de Protecci\u00f3n de Datos en su \u201c<a href=\"https:\/\/www.aepd.es\/sites\/default\/files\/2020-07\/guia-cookies.pdf\" target=\"_blank\">Gu\u00eda sobre el uso de las cookies<\/a>\u201d y  obtener m\u00e1s informaci\u00f3n sobre las cookies en Internet, <a href=\"https:\/\/www.aboutcookies.org\/\" target=\"_blank\">http:\/\/www.aboutcookies.org\/<\/a><\/p>\n<p>Si desea tener un mayor control sobre la instalaci\u00f3n de cookies, puede instalar programas o complementos a su navegador, conocidos como herramientas de \u201cDo Not Track\u201d, que le permitir\u00e1n escoger aquellas cookies que desea permitir.<\/p>\n<\/p><\/div>\n<\/div>\n<div class=\"legal-container\">\n<div class=\"legal-center\">\n<p class=\"legal-p\">Esta pol\u00edtica de cookies ha sido actualizada por \u00faltima vez el <?php echo $fechadehoy; ?>.<\/p>\n<\/div>\n<\/div>\n<p><?php get_footer(); ?><\/p>\n","protected":false},"excerpt":{"rendered":"<p>Pol\u00edtica de cookies En esta web recopilamos y utilizamos la informaci\u00f3n seg\u00fan indicamos en nuestra pol\u00edtica de privacidad. Una de las formas en las que recopilamos informaci\u00f3n es a trav\u00e9s del uso de la tecnolog\u00eda llamada \u201ccookies\u201d. En , utilizamos cookies para varias cosas. \u00bfQu\u00e9 es una cookie? Una \u201ccookie\u201d es una peque\u00f1a cantidad de [&hellip;]<\/p>\n","protected":false},"author":1,"featured_media":0,"parent":0,"menu_order":0,"comment_status":"closed","ping_status":"closed","template":"","meta":{"footnotes":""},"class_list":["post-926","page","type-page","status-publish","hentry"],"_links":{"self":[{"href":"https:\/\/www.events.bculinary.com\/en\/wp-json\/wp\/v2\/pages\/926","targetHints":{"allow":["GET"]}}],"collection":[{"href":"https:\/\/www.events.bculinary.com\/en\/wp-json\/wp\/v2\/pages"}],"about":[{"href":"https:\/\/www.events.bculinary.com\/en\/wp-json\/wp\/v2\/types\/page"}],"author":[{"embeddable":true,"href":"https:\/\/www.events.bculinary.com\/en\/wp-json\/wp\/v2\/users\/1"}],"replies":[{"embeddable":true,"href":"https:\/\/www.events.bculinary.com\/en\/wp-json\/wp\/v2\/comments?post=926"}],"version-history":[{"count":1,"href":"https:\/\/www.events.bculinary.com\/en\/wp-json\/wp\/v2\/pages\/926\/revisions"}],"predecessor-version":[{"id":988,"href":"https:\/\/www.events.bculinary.com\/en\/wp-json\/wp\/v2\/pages\/926\/revisions\/988"}],"wp:attachment":[{"href":"https:\/\/www.events.bculinary.com\/en\/wp-json\/wp\/v2\/media?parent=926"}],"curies":[{"name":"wp","href":"https:\/\/api.w.org\/{rel}","templated":true}]}}